{"id":31,"date":"2026-03-06T13:50:36","date_gmt":"2026-03-06T13:50:36","guid":{"rendered":"https:\/\/smartison.ma\/?page_id=31"},"modified":"2026-04-12T20:16:47","modified_gmt":"2026-04-12T20:16:47","slug":"contact-chat","status":"publish","type":"page","link":"https:\/\/aytaworldtour.com\/ar\/contact-chat\/","title":{"rendered":"Contact \/ Chat"},"content":{"rendered":"<div data-elementor-type=\"wp-page\" data-elementor-id=\"31\" class=\"elementor elementor-31\" data-elementor-post-type=\"page\">\n\t\t\t\t<div class=\"elementor-element elementor-element-23bc4f3 e-flex e-con-boxed e-con e-parent\" data-id=\"23bc4f3\" data-element_type=\"container\" data-e-type=\"container\">\n\t\t\t\t\t<div class=\"e-con-inner\">\n\t\t\t\t<div class=\"elementor-element elementor-element-3450b57 elementor-widget elementor-widget-html\" data-id=\"3450b57\" data-element_type=\"widget\" data-e-type=\"widget\" data-widget_type=\"html.default\">\n\t\t\t\t\t<div class=\"contact-premium-container\">\r\n    <div class=\"contact-card\">\r\n        <div class=\"gold-icon\">\r\n            <svg viewbox=\"0 0 24 24\" width=\"40\" height=\"40\" stroke=\"currentColor\" stroke-width=\"1\" fill=\"none\" stroke-linecap=\"round\" stroke-linejoin=\"round\">\r\n                <path d=\"M4 4h16c1.1 0 2 .9 2 2v12c0 1.1-.9 2-2 2H4c-1.1 0-2-.9-2-2V6c0-1.1.9-2 2-2z\"><\/path>\r\n                <polyline points=\"22,6 12,13 2,6\"><\/polyline>\r\n            <\/svg>\r\n        <\/div>\r\n        \r\n        <h2 class=\"contact-title\">Entrons en contact<\/h2>\r\n        \r\n        <p class=\"contact-description\">\r\n            Une question, une collaboration ou un projet ? Notre \u00e9quipe est \u00e0 votre enti\u00e8re disposition pour vous accompagner dans votre exploration de l'h\u00e9ritage de l'Ayta.\r\n        <\/p>\r\n\r\n        <div class=\"email-wrapper\">\r\n            <span class=\"email-label\">Pour nous contacter, voici notre adresse unique :<\/span>\r\n            <a href=\"mailto:contact@aytaworldtour.net\" class=\"email-link\">contact@aytaworldtour.net<\/a>\r\n        <\/div>\r\n        \r\n        <div class=\"gold-line-small\"><\/div>\r\n    <\/div>\r\n<\/div>\r\n\r\n<style>\r\n@import url('https:\/\/fonts.googleapis.com\/css2?family=Cinzel:wght@400;700&family=Montserrat:wght@300;400&display=swap');\r\n\r\n.contact-premium-container {\r\n    padding: 60px 20px;\r\n    display: flex;\r\n    justify-content: center;\r\n    align-items: center;\r\n    min-height: 400px;\r\n}\r\n\r\n.contact-card {\r\n    max-width: 600px;\r\n    text-align: center;\r\n}\r\n\r\n.gold-icon {\r\n    color: #bf953f;\r\n    margin-bottom: 25px;\r\n    opacity: 0.9;\r\n}\r\n\r\n.contact-title {\r\n    font-family: 'Cinzel', serif;\r\n    font-size: 32px;\r\n    color: #ffffff;\r\n    letter-spacing: 4px;\r\n    margin-bottom: 20px;\r\n    text-transform: uppercase;\r\n}\r\n\r\n.contact-description {\r\n    font-family: 'Montserrat', sans-serif;\r\n    color: #ffffff;\r\n    font-size: 16px;\r\n    line-height: 1.8;\r\n    font-weight: 300;\r\n    opacity: 0.85;\r\n    margin-bottom: 40px;\r\n}\r\n\r\n.email-wrapper {\r\n    background: rgba(191, 149, 63, 0.05);\r\n    padding: 30px;\r\n    border: 1px solid rgba(191, 149, 63, 0.2);\r\n    border-radius: 2px;\r\n}\r\n\r\n.email-label {\r\n    display: block;\r\n    font-family: 'Montserrat', sans-serif;\r\n    color: #ffffff;\r\n    font-size: 13px;\r\n    text-transform: uppercase;\r\n    letter-spacing: 2px;\r\n    margin-bottom: 15px;\r\n    opacity: 0.6;\r\n}\r\n\r\n.email-link {\r\n    font-family: 'Cinzel', serif;\r\n    font-size: 24px;\r\n    font-weight: 700;\r\n    color: #bf953f;\r\n    text-decoration: none;\r\n    transition: all 0.4s ease;\r\n    display: inline-block;\r\n    background: linear-gradient(to right, #bf953f, #fcf6ba, #aa771c);\r\n    -webkit-background-clip: text;\r\n    -webkit-text-fill-color: transparent;\r\n}\r\n\r\n.email-link:hover {\r\n    transform: translateY(-3px);\r\n    opacity: 0.8;\r\n}\r\n\r\n.gold-line-small {\r\n    height: 1px;\r\n    width: 60px;\r\n    background: #bf953f;\r\n    margin: 40px auto 0;\r\n    opacity: 0.5;\r\n}\r\n\r\n\/* Version Mobile *\/\r\n@media (max-width: 768px) {\r\n    .contact-title { font-size: 26px; }\r\n    .email-link { font-size: 18px; }\r\n    .contact-description { font-size: 14px; }\r\n}\r\n<\/style>\t\t\t\t<\/div>\n\t\t\t\t\t<\/div>\n\t\t\t\t<\/div>\n\t\t\t\t<\/div>","protected":false},"excerpt":{"rendered":"<p>Entrons en contact Une question, une collaboration ou un projet ? Notre \u00e9quipe est \u00e0 votre enti\u00e8re disposition pour vous accompagner dans votre exploration de l&#8217;h\u00e9ritage de l&#8217;Ayta. Pour nous contacter, voici notre adresse unique : contact@aytaworldtour.net<\/p>","protected":false},"author":1,"featured_media":0,"parent":0,"menu_order":0,"comment_status":"closed","ping_status":"closed","template":"","meta":{"footnotes":""},"class_list":["post-31","page","type-page","status-publish","hentry"],"_hostinger_reach_plugin_has_subscription_block":false,"_hostinger_reach_plugin_is_elementor":false,"_links":{"self":[{"href":"https:\/\/aytaworldtour.com\/ar\/wp-json\/wp\/v2\/pages\/31","targetHints":{"allow":["GET"]}}],"collection":[{"href":"https:\/\/aytaworldtour.com\/ar\/wp-json\/wp\/v2\/pages"}],"about":[{"href":"https:\/\/aytaworldtour.com\/ar\/wp-json\/wp\/v2\/types\/page"}],"author":[{"embeddable":true,"href":"https:\/\/aytaworldtour.com\/ar\/wp-json\/wp\/v2\/users\/1"}],"replies":[{"embeddable":true,"href":"https:\/\/aytaworldtour.com\/ar\/wp-json\/wp\/v2\/comments?post=31"}],"version-history":[{"count":7,"href":"https:\/\/aytaworldtour.com\/ar\/wp-json\/wp\/v2\/pages\/31\/revisions"}],"predecessor-version":[{"id":943,"href":"https:\/\/aytaworldtour.com\/ar\/wp-json\/wp\/v2\/pages\/31\/revisions\/943"}],"wp:attachment":[{"href":"https:\/\/aytaworldtour.com\/ar\/wp-json\/wp\/v2\/media?parent=31"}],"curies":[{"name":"wp","href":"https:\/\/api.w.org\/{rel}","templated":true}]}}