{"id":29,"date":"2026-03-06T13:50:04","date_gmt":"2026-03-06T13:50:04","guid":{"rendered":"https:\/\/smartison.ma\/?page_id=29"},"modified":"2026-04-12T20:11:20","modified_gmt":"2026-04-12T20:11:20","slug":"musique","status":"publish","type":"page","link":"https:\/\/aytaworldtour.com\/ar\/musique\/","title":{"rendered":"AYTA Encyclopedia"},"content":{"rendered":"<div data-elementor-type=\"wp-page\" data-elementor-id=\"29\" class=\"elementor elementor-29\" data-elementor-post-type=\"page\">\n\t\t\t\t<div class=\"elementor-element elementor-element-d9e75fb e-flex e-con-boxed e-con e-parent\" data-id=\"d9e75fb\" data-element_type=\"container\" data-e-type=\"container\">\n\t\t\t\t\t<div class=\"e-con-inner\">\n\t\t\t\t<div class=\"elementor-element elementor-element-4a3eea6 elementor-widget elementor-widget-html\" data-id=\"4a3eea6\" data-element_type=\"widget\" data-e-type=\"widget\" data-widget_type=\"html.default\">\n\t\t\t\t\t<div class=\"premium-soon-container\">\r\n    <div class=\"content\">\r\n        <h1 class=\"soon-text\">SOON<\/h1>\r\n        <div class=\"gold-line\"><\/div>\r\n        <p class=\"subtitle\">Une immersion culturelle d'exception arrive bient\u00f4t<\/p>\r\n    <\/div>\r\n<\/div>\r\n\r\n<style>\r\n@import url('https:\/\/fonts.googleapis.com\/css2?family=Cinzel:wght@400;700&family=Montserrat:wght@200;400&display=swap');\r\n\r\n.premium-soon-container {\r\n    height: 60vh;\r\n    display: flex;\r\n    justify-content: center;\r\n    align-items: center;\r\n    background: transparent;\r\n    text-align: center;\r\n}\r\n\r\n.soon-text {\r\n    font-family: 'Cinzel', serif; \/* Police de caract\u00e8re \u00e9l\u00e9gante, style luxe *\/\r\n    font-size: 120px;\r\n    font-weight: 700;\r\n    margin: 0;\r\n    letter-spacing: 15px;\r\n    background: linear-gradient(to right, #bf953f, #fcf6ba, #b38728, #fbf5b7, #aa771c);\r\n    -webkit-background-clip: text;\r\n    -webkit-text-fill-color: transparent;\r\n    animation: shine 4s linear infinite;\r\n    background-size: 200% auto;\r\n}\r\n\r\n.gold-line {\r\n    height: 2px;\r\n    width: 100px;\r\n    background: linear-gradient(to right, transparent, #bf953f, transparent);\r\n    margin: 20px auto;\r\n}\r\n\r\n.subtitle {\r\n    font-family: 'Montserrat', sans-serif;\r\n    color: #ffffff;\r\n    text-transform: uppercase;\r\n    letter-spacing: 5px;\r\n    font-size: 14px;\r\n    opacity: 0.8;\r\n}\r\n\r\n@keyframes shine {\r\n    to {\r\n        background-position: 200% center;\r\n    }\r\n}\r\n\r\n\/* Version Mobile *\/\r\n@media (max-width: 768px) {\r\n    .soon-text {\r\n        font-size: 60px;\r\n        letter-spacing: 8px;\r\n    }\r\n}\r\n<\/style>\t\t\t\t<\/div>\n\t\t\t\t\t<\/div>\n\t\t\t\t<\/div>\n\t\t\t\t<\/div>","protected":false},"excerpt":{"rendered":"<p>SOON Une immersion culturelle d&#8217;exception arrive bient\u00f4t<\/p>","protected":false},"author":1,"featured_media":0,"parent":0,"menu_order":0,"comment_status":"closed","ping_status":"closed","template":"","meta":{"footnotes":""},"class_list":["post-29","page","type-page","status-publish","hentry"],"_hostinger_reach_plugin_has_subscription_block":false,"_hostinger_reach_plugin_is_elementor":false,"_links":{"self":[{"href":"https:\/\/aytaworldtour.com\/ar\/wp-json\/wp\/v2\/pages\/29","targetHints":{"allow":["GET"]}}],"collection":[{"href":"https:\/\/aytaworldtour.com\/ar\/wp-json\/wp\/v2\/pages"}],"about":[{"href":"https:\/\/aytaworldtour.com\/ar\/wp-json\/wp\/v2\/types\/page"}],"author":[{"embeddable":true,"href":"https:\/\/aytaworldtour.com\/ar\/wp-json\/wp\/v2\/users\/1"}],"replies":[{"embeddable":true,"href":"https:\/\/aytaworldtour.com\/ar\/wp-json\/wp\/v2\/comments?post=29"}],"version-history":[{"count":8,"href":"https:\/\/aytaworldtour.com\/ar\/wp-json\/wp\/v2\/pages\/29\/revisions"}],"predecessor-version":[{"id":940,"href":"https:\/\/aytaworldtour.com\/ar\/wp-json\/wp\/v2\/pages\/29\/revisions\/940"}],"wp:attachment":[{"href":"https:\/\/aytaworldtour.com\/ar\/wp-json\/wp\/v2\/media?parent=29"}],"curies":[{"name":"wp","href":"https:\/\/api.w.org\/{rel}","templated":true}]}}